{"id":2070,"date":"2023-08-03T10:38:24","date_gmt":"2023-08-03T08:38:24","guid":{"rendered":"https:\/\/www.europeaneconomics.com\/?page_id=2070"},"modified":"2025-10-28T17:18:59","modified_gmt":"2025-10-28T15:18:59","slug":"temporary-crisis-transition-framework","status":"publish","type":"page","link":"https:\/\/www.europeaneconomics.com\/en\/temporary-crisis-transition-framework\/","title":{"rendered":"Temporary Crisis &#038; Transition Framework"},"content":{"rendered":"<p>Bien s\u00fbr, voici la traduction :<\/p>\n<p>&#8220;Alors que l&#8217;Europe fait face aux cons\u00e9quences continues de la crise climatique mondiale et \u00e0 la guerre de la Russie en Ukraine, la Commission europ\u00e9enne a adopt\u00e9 une nouvelle initiative nomm\u00e9e le Cadre Temporaire de Crise et de Transition (TCTF) le 23 mars 2022 afin d&#8217;att\u00e9nuer l&#8217;impact \u00e9conomique de l&#8217;agression de la Russie et de soutenir les entreprises dans leur transition vers une \u00e9conomie neutre en carbone.&#8221;<\/p>\n","protected":false},"excerpt":{"rendered":"<p>Bien s\u00fbr, voici la traduction : &#8220;Alors que l&#8217;Europe fait face aux cons\u00e9quences continues de la crise climatique mondiale et \u00e0 la guerre de la Russie en Ukraine, la Commission europ\u00e9enne a adopt\u00e9 une nouvelle initiative nomm\u00e9e le Cadre Temporaire de Crise et de Transition (TCTF) le 23 mars 2022 afin d&#8217;att\u00e9nuer l&#8217;impact \u00e9conomique de [&hellip;]<\/p>\n","protected":false},"author":2,"featured_media":0,"parent":0,"menu_order":0,"comment_status":"closed","ping_status":"closed","template":"page-template-builder.php","meta":{"_acf_changed":false,"footnotes":""},"class_list":["post-2070","page","type-page","status-publish","hentry"],"acf":[],"_links":{"self":[{"href":"https:\/\/www.europeaneconomics.com\/en\/wp-json\/wp\/v2\/pages\/2070","targetHints":{"allow":["GET"]}}],"collection":[{"href":"https:\/\/www.europeaneconomics.com\/en\/wp-json\/wp\/v2\/pages"}],"about":[{"href":"https:\/\/www.europeaneconomics.com\/en\/wp-json\/wp\/v2\/types\/page"}],"author":[{"embeddable":true,"href":"https:\/\/www.europeaneconomics.com\/en\/wp-json\/wp\/v2\/users\/2"}],"replies":[{"embeddable":true,"href":"https:\/\/www.europeaneconomics.com\/en\/wp-json\/wp\/v2\/comments?post=2070"}],"version-history":[{"count":3,"href":"https:\/\/www.europeaneconomics.com\/en\/wp-json\/wp\/v2\/pages\/2070\/revisions"}],"predecessor-version":[{"id":3734,"href":"https:\/\/www.europeaneconomics.com\/en\/wp-json\/wp\/v2\/pages\/2070\/revisions\/3734"}],"wp:attachment":[{"href":"https:\/\/www.europeaneconomics.com\/en\/wp-json\/wp\/v2\/media?parent=2070"}],"curies":[{"name":"wp","href":"https:\/\/api.w.org\/{rel}","templated":true}]}}